{"id":93,"date":"2023-06-13T14:58:09","date_gmt":"2023-06-13T17:58:09","guid":{"rendered":"https:\/\/distribuidoramariana.com.ar\/?page_id=93"},"modified":"2026-03-09T09:24:20","modified_gmt":"2026-03-09T12:24:20","slug":"nosotros","status":"publish","type":"page","link":"https:\/\/distribuidoramariana.com.ar\/?page_id=93","title":{"rendered":"\u00bfQui\u00e9nes Somos?"},"content":{"rendered":"\n<div class=\"wp-block-group\"><div class=\"wp-block-group__inner-container is-layout-constrained wp-block-group-is-layout-constrained\">\n<div class=\"wp-block-columns is-layout-flex wp-container-core-columns-is-layout-9d6595d7 wp-block-columns-is-layout-flex\">\n<div class=\"wp-block-column is-layout-flow wp-block-column-is-layout-flow\" style=\"flex-basis:200%\">\n<div class=\"wp-block-group\"><div class=\"wp-block-group__inner-container is-layout-constrained wp-block-group-is-layout-constrained\">\n<div class=\"wp-block-media-text has-media-on-the-right is-stacked-on-mobile\" style=\"grid-template-columns:auto 34%\"><div class=\"wp-block-media-text__content\">\n<h4 class=\"wp-block-heading has-black-color has-text-color\" style=\"font-size:25px;font-style:normal;font-weight:200;text-transform:none\">En distribuidora Mariana nos dedicamos a proporcionar una amplia gama de productos y servicios de ferreter\u00eda y cerrajer\u00eda de alta calidad con m\u00e1s de 30 a\u00f1os de experiencia en el gremio nos hemos consolidado como un referente de la comunidad ofreciendo soluciones efectivas y personalizadas para satisfacer las necesidades de nuestros clientes nuestra misi\u00f3n es ofrecer productos que cumplan con los m\u00e1s altos est\u00e1ndares respaldados por un servicio del cliente excepcional Contamos con un equipo de profesionales altamente capacitados y apasionados por su trabajo quienes est\u00e1n siempre dispuestos a asesorar y ayudar en cada una de las necesidades en distribuidora Mariana valoramos la confianza y la transparencia en nuestras relaciones comerciales nos enorgullece establecer v\u00ednculos duraderos con con nuestros clientes basados en la satisfacci\u00f3n y el respeto mutuo agradecemos su visita y esperamos poder servirle en sus pr\u00f3ximos proyectos.<\/h4>\n<\/div><figure class=\"wp-block-media-text__media\"><img loading=\"lazy\" decoding=\"async\" width=\"640\" height=\"640\" src=\"https:\/\/distribuidoramariana.com.ar\/wp-content\/uploads\/2024\/09\/Logo.jpg\" alt=\"\" class=\"wp-image-1870 size-full\" srcset=\"https:\/\/distribuidoramariana.com.ar\/wp-content\/uploads\/2024\/09\/Logo.jpg 640w, https:\/\/distribuidoramariana.com.ar\/wp-content\/uploads\/2024\/09\/Logo-300x300.jpg 300w, https:\/\/distribuidoramariana.com.ar\/wp-content\/uploads\/2024\/09\/Logo-150x150.jpg 150w, https:\/\/distribuidoramariana.com.ar\/wp-content\/uploads\/2024\/09\/Logo-450x450.jpg 450w, https:\/\/distribuidoramariana.com.ar\/wp-content\/uploads\/2024\/09\/Logo-600x600.jpg 600w\" sizes=\"auto, (max-width: 640px) 100vw, 640px\" \/><\/figure><\/div>\n<\/div><\/div>\n<\/div>\n<\/div>\n<\/div><\/div>\n\n\n\n<div class=\"wp-block-group\"><div class=\"wp-block-group__inner-container is-layout-constrained wp-block-group-is-layout-constrained\">\n<p class=\"has-black-color has-white-background-color has-text-color has-background has-medium-font-size\"><br><\/p>\n<\/div><\/div>\n\n\n\n<div class=\"wp-block-columns is-layout-flex wp-container-core-columns-is-layout-9d6595d7 wp-block-columns-is-layout-flex\">\n<div class=\"wp-block-column is-layout-flow wp-block-column-is-layout-flow\"><\/div>\n<\/div>\n","protected":false},"excerpt":{"rendered":"<p>En distribuidora Mariana nos dedicamos a proporcionar una amplia gama de productos y servicios de ferreter\u00eda y cerrajer\u00eda de alta calidad con m\u00e1s de 30 a\u00f1os de experiencia en el gremio nos hemos consolidado como un referente de la comunidad ofreciendo soluciones efectivas y personalizadas para satisfacer las necesidades de nuestros clientes nuestra misi\u00f3n es [&hellip;]<\/p>\n","protected":false},"author":1,"featured_media":0,"parent":0,"menu_order":1,"comment_status":"closed","ping_status":"closed","template":"","meta":{"_acf_changed":false,"footnotes":""},"class_list":["post-93","page","type-page","status-publish","hentry"],"acf":[],"_links":{"self":[{"href":"https:\/\/distribuidoramariana.com.ar\/index.php?rest_route=\/wp\/v2\/pages\/93","targetHints":{"allow":["GET"]}}],"collection":[{"href":"https:\/\/distribuidoramariana.com.ar\/index.php?rest_route=\/wp\/v2\/pages"}],"about":[{"href":"https:\/\/distribuidoramariana.com.ar\/index.php?rest_route=\/wp\/v2\/types\/page"}],"author":[{"embeddable":true,"href":"https:\/\/distribuidoramariana.com.ar\/index.php?rest_route=\/wp\/v2\/users\/1"}],"replies":[{"embeddable":true,"href":"https:\/\/distribuidoramariana.com.ar\/index.php?rest_route=%2Fwp%2Fv2%2Fcomments&post=93"}],"version-history":[{"count":256,"href":"https:\/\/distribuidoramariana.com.ar\/index.php?rest_route=\/wp\/v2\/pages\/93\/revisions"}],"predecessor-version":[{"id":6058,"href":"https:\/\/distribuidoramariana.com.ar\/index.php?rest_route=\/wp\/v2\/pages\/93\/revisions\/6058"}],"wp:attachment":[{"href":"https:\/\/distribuidoramariana.com.ar\/index.php?rest_route=%2Fwp%2Fv2%2Fmedia&parent=93"}],"curies":[{"name":"wp","href":"https:\/\/api.w.org\/{rel}","templated":true}]}}